{"id":29000,"date":"2025-01-14T12:03:31","date_gmt":"2025-01-14T12:03:31","guid":{"rendered":"https:\/\/shopistanbul.online\/siparisinizi-takip-edin\/"},"modified":"2025-04-23T17:45:22","modified_gmt":"2025-04-23T17:45:22","slug":"siparisinizi-takip-edin","status":"publish","type":"page","link":"https:\/\/shopistanbul.online\/tr\/siparisinizi-takip-edin\/","title":{"rendered":"Sipari\u015finizi Takip Edin"},"content":{"rendered":"\t\t<div data-elementor-type=\"wp-page\" data-elementor-id=\"29000\" class=\"elementor elementor-29000 elementor-33\" data-elementor-post-type=\"page\">\n\t\t\t\t<div class=\"wd-negative-gap elementor-element elementor-element-b046b9b e-flex e-con-boxed e-con e-parent\" data-id=\"b046b9b\" data-element_type=\"container\">\n\t\t\t\t\t<div class=\"e-con-inner\">\n\t\t<div class=\"elementor-element elementor-element-87d1726 e-con-full color-scheme-light e-flex e-con e-child\" data-id=\"87d1726\" data-element_type=\"container\" data-settings=\"{&quot;background_background&quot;:&quot;classic&quot;}\">\n\t\t<div class=\"elementor-element elementor-element-504172c e-con-full e-flex e-con e-child\" data-id=\"504172c\" data-element_type=\"container\">\n\t\t\t\t<div class=\"elementor-element elementor-element-96bd548 wd-width-100 elementor-widget elementor-widget-wd_title\" data-id=\"96bd548\" data-element_type=\"widget\" data-widget_type=\"wd_title.default\">\n\t\t\t\t<div class=\"elementor-widget-container\">\n\t\t\t\t\t\t\t<div class=\"title-wrapper wd-set-mb reset-last-child wd-title-color-default wd-title-style-default wd-title-size-default text-center\">\n\n\t\t\t\n\t\t\t<div class=\"liner-continer\">\n\t\t\t\t<h4 class=\"woodmart-title-container title wd-fontsize-l\">Sipari\u015f takibi<\/h4> \n\t\t\t\t\t\t\t<\/div>\n\n\t\t\t\t\t<\/div>\n\t\t\t\t\t\t<\/div>\n\t\t\t\t<\/div>\n\t\t\t\t<div class=\"elementor-element elementor-element-4efb371 elementor-widget elementor-widget-shortcode\" data-id=\"4efb371\" data-element_type=\"widget\" data-widget_type=\"shortcode.default\">\n\t\t\t\t<div class=\"elementor-widget-container\">\n\t\t\t\t\t\t\t<div class=\"elementor-shortcode\"><div class=\"woocommerce\"><\/div><\/div>\n\t\t\t\t\t\t<\/div>\n\t\t\t\t<\/div>\n\t\t\t\t<\/div>\n\t\t\t\t<\/div>\n\t\t\t\t<div class=\"elementor-element elementor-element-de614c0 elementor-widget__width-initial wd-width-100 elementor-widget elementor-widget-wd_title\" data-id=\"de614c0\" data-element_type=\"widget\" data-widget_type=\"wd_title.default\">\n\t\t\t\t<div class=\"elementor-widget-container\">\n\t\t\t\t\t\t\t<div class=\"title-wrapper wd-set-mb reset-last-child wd-title-color-default wd-title-style-default wd-title-size-default text-left\">\n\n\t\t\t\n\t\t\t<div class=\"liner-continer\">\n\t\t\t\t<h4 class=\"woodmart-title-container title wd-fontsize-l\">Hesab\u0131n\u0131z yok mu?<\/h4> \n\t\t\t\t\t\t\t<\/div>\n\n\t\t\t\t\t\t\t<div class=\"title-after_title reset-last-child wd-fontsize-xs\">\n\t\t\t\t\t<p>Oturum a\u00e7madan sipari\u015f durumunuzu g\u00f6r\u00fcnt\u00fclemeye devam edebilirsiniz. Sipari\u015f Numaran\u0131z yoksa, l\u00fctfen onay e-postan\u0131za bak\u0131n. Daha fazla yard\u0131m i\u00e7in <a href=\"\/tr\/bize-ulasin\/\">Bize Ula\u015f\u0131n<\/a> sayfas\u0131n\u0131 veya <a href=\"https:\/\/wa.me\/%E2%81%A6+971506520083%E2%81%A9\">WhatsApp'\u0131<\/a> kullan\u0131n.<\/p>\t\t\t\t<\/div>\n\t\t\t\t\t<\/div>\n\t\t\t\t\t\t<\/div>\n\t\t\t\t<\/div>\n\t\t\t\t\t<\/div>\n\t\t\t\t<\/div>\n\t\t\t\t<\/div>\n\t\t","protected":false},"excerpt":{"rendered":"<p>Sipari\u015f takibi Hesab\u0131n\u0131z yok mu? Oturum a\u00e7madan sipari\u015f durumunuzu g\u00f6r\u00fcnt\u00fclemeye devam edebilirsiniz. Sipari\u015f Numaran\u0131z yoksa, l\u00fctfen onay e-postan\u0131za bak\u0131n. Daha<\/p>\n","protected":false},"author":1,"featured_media":0,"parent":0,"menu_order":0,"comment_status":"closed","ping_status":"closed","template":"elementor_header_footer","meta":{"footnotes":""},"class_list":["post-29000","page","type-page","status-publish","hentry"],"_links":{"self":[{"href":"https:\/\/shopistanbul.online\/tr\/wp-json\/wp\/v2\/pages\/29000","targetHints":{"allow":["GET"]}}],"collection":[{"href":"https:\/\/shopistanbul.online\/tr\/wp-json\/wp\/v2\/pages"}],"about":[{"href":"https:\/\/shopistanbul.online\/tr\/wp-json\/wp\/v2\/types\/page"}],"author":[{"embeddable":true,"href":"https:\/\/shopistanbul.online\/tr\/wp-json\/wp\/v2\/users\/1"}],"replies":[{"embeddable":true,"href":"https:\/\/shopistanbul.online\/tr\/wp-json\/wp\/v2\/comments?post=29000"}],"version-history":[{"count":5,"href":"https:\/\/shopistanbul.online\/tr\/wp-json\/wp\/v2\/pages\/29000\/revisions"}],"predecessor-version":[{"id":29057,"href":"https:\/\/shopistanbul.online\/tr\/wp-json\/wp\/v2\/pages\/29000\/revisions\/29057"}],"wp:attachment":[{"href":"https:\/\/shopistanbul.online\/tr\/wp-json\/wp\/v2\/media?parent=29000"}],"curies":[{"name":"wp","href":"https:\/\/api.w.org\/{rel}","templated":true}]}}