{"id":29100,"date":"2025-04-22T18:08:00","date_gmt":"2025-04-22T18:08:00","guid":{"rendered":"https:\/\/shopistanbul.online\/gizlilik-politikasi\/"},"modified":"2025-04-24T16:52:39","modified_gmt":"2025-04-24T16:52:39","slug":"gizlilik-politikasi","status":"publish","type":"page","link":"https:\/\/shopistanbul.online\/tr\/gizlilik-politikasi\/","title":{"rendered":"Gizlilik Politikas\u0131"},"content":{"rendered":"<h2 class=\"wp-block-heading\">Istanbul Online Gizlilik Politikas\u0131<\/h2><p><strong>Son g\u00fcncelleme: 2025-03-22<\/strong><\/p><p>Istanbul Online&#8217;a (\u201cbiz\u201d, \u201cbize\u201d veya \u201cSite\u201d) ho\u015f geldiniz. Gizlili\u011finizi korumay\u0131 taahh\u00fct ediyoruz. Bu Gizlilik Politikas\u0131, web sitemizi ve hizmetlerimizi kulland\u0131\u011f\u0131n\u0131zda ki\u015fisel bilgilerinizi nas\u0131l toplad\u0131\u011f\u0131m\u0131z\u0131, kulland\u0131\u011f\u0131m\u0131z\u0131 ve if\u015fa etti\u011fimizi a\u00e7\u0131klar. L\u00fctfen bu Gizlilik Politikas\u0131n\u0131 dikkatlice okuyun. Siteyi kullanarak, bu politikada a\u00e7\u0131klanan veri toplama ve kullanma uygulamalar\u0131na izin vermi\u015f olursunuz.    <\/p><p><strong>1. Toplad\u0131\u011f\u0131m\u0131z Bilgiler<\/strong><\/p><p>Sitemizi kulland\u0131\u011f\u0131n\u0131zda sizden ve sizin hakk\u0131n\u0131zda a\u015fa\u011f\u0131dakiler de dahil olmak \u00fczere farkl\u0131 t\u00fcrde bilgiler topluyoruz:<\/p><ul class=\"wp-block-list\"><li><strong>Ki\u015fisel Bilgiler:<\/strong> Bunlar, ad\u0131n\u0131z, e-posta adresiniz, g\u00f6nderim adresiniz, fatura adresiniz, telefon numaran\u0131z ve \u00f6deme bilgileriniz (kredi kart\u0131 bilgileri gibi, do\u011frudan saklamasak da; g\u00fcvenli \u00f6deme sa\u011flay\u0131c\u0131lar\u0131 arac\u0131l\u0131\u011f\u0131yla i\u015flenir) gibi sizi ki\u015fisel olarak tan\u0131mlamak i\u00e7in kullan\u0131labilecek bilgilerdir. Siteye kaydoldu\u011funuzda, sipari\u015f verdi\u011finizde, b\u00fcltenimize abone oldu\u011funuzda veya e-posta veya ileti\u015fim formlar\u0131 arac\u0131l\u0131\u011f\u0131yla bizimle ileti\u015fime ge\u00e7ti\u011finizde bu bilgileri toplar\u0131z. <\/li>\n\n<li><strong>\u0130\u015flem Bilgileri:<\/strong> Sat\u0131n ald\u0131\u011f\u0131n\u0131z \u00fcr\u00fcnler, sat\u0131n alma tarihi, sat\u0131n alma tutar\u0131, \u00f6deme y\u00f6ntemi ve nakliye detaylar\u0131 dahil olmak \u00fczere Sitemizde yapt\u0131\u011f\u0131n\u0131z i\u015flemler hakk\u0131nda bilgi topluyoruz.<\/li>\n\n<li><strong>Cihaz ve Kullan\u0131m Bilgileri:<\/strong> Sitemize eri\u015fmek i\u00e7in kulland\u0131\u011f\u0131n\u0131z cihaz ve taray\u0131c\u0131, IP adresiniz, i\u015fletim sisteminiz, taray\u0131c\u0131 t\u00fcr\u00fcn\u00fcz ve ziyaret etti\u011finiz sayfalar, t\u0131klad\u0131\u011f\u0131n\u0131z ba\u011flant\u0131lar ve her sayfada ge\u00e7irdi\u011finiz s\u00fcre gibi Sitemizi nas\u0131l kulland\u0131\u011f\u0131n\u0131zla ilgili bilgiler topluyoruz. Bu bilgiler, \u00e7erezler ve benzer izleme teknolojileri (a\u015fa\u011f\u0131da a\u00e7\u0131klanm\u0131\u015ft\u0131r) arac\u0131l\u0131\u011f\u0131yla otomatik olarak toplan\u0131r. <\/li><\/ul><p><strong>2. Bilgilerinizi Nas\u0131l Kullan\u0131yoruz<\/strong><\/p><p>Toplad\u0131\u011f\u0131m\u0131z bilgileri a\u015fa\u011f\u0131daki ama\u00e7lar i\u00e7in kullan\u0131r\u0131z:<\/p><ul class=\"wp-block-list\"><li><strong>Hizmetlerimizi Sa\u011flamak ve \u0130\u015fletmek:<\/strong> Sitemizi i\u015fletmek ve sat\u0131n alma sipari\u015flerini i\u015flemek, \u00fcr\u00fcnleri g\u00f6ndermek ve m\u00fc\u015fteri hizmetleri sa\u011flamak gibi talep etti\u011finiz hizmetleri sa\u011flamak.<\/li>\n\n<li><strong>Sitemizi ve hizmetlerimizi geli\u015ftirmek:<\/strong> Sitemizi nas\u0131l kulland\u0131\u011f\u0131n\u0131z\u0131 analiz etmek, tercihlerinizi anlamak, Sitemizin tasar\u0131m\u0131n\u0131 ve i\u015flevselli\u011fini iyile\u015ftirmek ve yeni \u00fcr\u00fcn ve hizmetler geli\u015ftirmek.<\/li>\n\n<li><strong>Sizinle \u0130leti\u015fim Kurmak:<\/strong> Sipari\u015fleriniz hakk\u0131nda sizinle ileti\u015fim kurmak, kargo g\u00fcncellemeleri sa\u011flamak, sorular\u0131n\u0131za yan\u0131t vermek ve pazarlama ve promosyon mesajlar\u0131 g\u00f6ndermek (buna izin verdiyseniz ve istedi\u011finiz zaman abonelikten \u00e7\u0131kabilirsiniz).<\/li>\n\n<li><strong>Ki\u015fiselle\u015ftirme:<\/strong> Sitemizdeki deneyiminizi ki\u015fiselle\u015ftirmek ve ilginizi \u00e7ekebilecek \u00fcr\u00fcnleri ve i\u00e7eri\u011fi g\u00f6r\u00fcnt\u00fclemek.<\/li>\n\n<li><strong>Yasal Ama\u00e7lar:<\/strong> Y\u00fcr\u00fcrl\u00fckteki yasa ve y\u00f6netmeliklere uymak, haklar\u0131m\u0131z\u0131 ve \u00e7\u0131karlar\u0131m\u0131z\u0131 ve sizin haklar\u0131n\u0131z\u0131 korumak ve doland\u0131r\u0131c\u0131l\u0131k ve di\u011fer yasa d\u0131\u015f\u0131 faaliyetleri \u00f6nlemek.<\/li><\/ul><p><strong>3. Bilgilerinizin Payla\u015f\u0131lmas\u0131<\/strong><\/p><p>Ki\u015fisel bilgilerinizi yukar\u0131da a\u00e7\u0131klanan ama\u00e7lar i\u00e7in a\u015fa\u011f\u0131daki \u00fc\u00e7\u00fcnc\u00fc taraflarla payla\u015fabiliriz:<\/p><ul class=\"wp-block-list\"><li><strong>Nakliye ve Teslimat Hizmeti Sa\u011flay\u0131c\u0131lar\u0131:<\/strong> Sipari\u015f etti\u011finiz \u00fcr\u00fcnlerin size ula\u015ft\u0131r\u0131lmas\u0131 i\u00e7in [Kargo \u015eirketi Ad\u0131 veya kargo \u015firketi \u00f6rnekleri] gibi kargo bilgilerinizi kargo ve teslimat \u015firketleri ile payla\u015fmak.<\/li>\n\n<li><strong>\u00d6deme Hizmeti Sa\u011flay\u0131c\u0131lar\u0131:<\/strong> \u00d6demelerinizi i\u015fleme koymak i\u00e7in g\u00fcvenli \u00f6deme hizmeti sa\u011flay\u0131c\u0131lar\u0131 kullan\u0131yoruz. Bir sat\u0131n alma i\u015flemi yapt\u0131\u011f\u0131n\u0131zda, \u00f6deme bilgilerinizi i\u015fleme koymak i\u00e7in \u00f6deme hizmeti sa\u011flay\u0131c\u0131s\u0131n\u0131n g\u00fcvenli bir \u00f6deme a\u011f ge\u00e7idine y\u00f6nlendirileceksiniz. Kredi kart\u0131 bilgilerinizi do\u011frudan saklam\u0131yoruz.  <\/li>\n\n<li><strong>\u00dcr\u00fcn Tedarik\u00e7ileri (Dropshipping):<\/strong> Dropshipping esas\u0131na g\u00f6re \u00e7al\u0131\u015f\u0131yoruz ve sipari\u015flerinizi yerine getirmek ve \u00fcr\u00fcnleri do\u011frudan size g\u00f6ndermek i\u00e7in sipari\u015f bilgilerinizi (teslimat adresi ve sipari\u015f edilen \u00fcr\u00fcnler gibi) deniza\u015f\u0131r\u0131 tedarik\u00e7ilerimizle (AliExpress ve Trendyol gibi) payla\u015fabiliriz. L\u00fctfen bu tedarik\u00e7ilerin gizlilik politikalar\u0131n\u0131n Gizlilik Politikam\u0131zdan farkl\u0131 olabilece\u011fini unutmay\u0131n. Gizlilik politikalar\u0131n\u0131 g\u00f6zden ge\u00e7irmenizi \u00f6neririz.  <\/li>\n\n<li><strong>Pazarlama ve Reklam Hizmeti Sa\u011flay\u0131c\u0131lar\u0131:<\/strong> Bilgilerinizi, size hedefli reklamlar sunmam\u0131za, pazarlama kampanyalar\u0131m\u0131z\u0131n etkinli\u011fini analiz etmemize ve size pazarlama mesajlar\u0131 g\u00f6ndermemize (buna izin verdiyseniz) yard\u0131mc\u0131 olmalar\u0131 i\u00e7in pazarlama ve reklam hizmeti sa\u011flay\u0131c\u0131lar\u0131yla payla\u015fabiliriz.<\/li>\n\n<li><strong>Di\u011fer Hizmet Sa\u011flay\u0131c\u0131lar:<\/strong> Bilgilerinizi, web sitesi bar\u0131nd\u0131rma sa\u011flay\u0131c\u0131lar\u0131, analiz hizmeti sa\u011flay\u0131c\u0131lar\u0131 ve m\u00fc\u015fteri destek hizmeti sa\u011flay\u0131c\u0131lar\u0131 gibi Sitemizi ve i\u015fimizi i\u015fletmemize yard\u0131mc\u0131 olan di\u011fer hizmet sa\u011flay\u0131c\u0131larla payla\u015fabiliriz.<\/li>\n\n<li><strong>Yasal Makamlar:<\/strong> Ki\u015fisel bilgilerinizi, yasalar\u0131n gerektirmesi halinde veya ge\u00e7erli yasal taleplere (mahkeme emri veya mahkeme celbi gibi) yan\u0131t olarak yasal makamlara if\u015fa edebiliriz.<\/li><\/ul><p><strong>4. \u00c7erezler ve Di\u011fer \u0130zleme Teknolojileri<\/strong><\/p><p>Sitemizi kullan\u0131m\u0131n\u0131z hakk\u0131nda bilgi toplamak ve deneyiminizi geli\u015ftirmek i\u00e7in \u00e7erezler ve benzer izleme teknolojileri (web i\u015faret\u00e7ileri ve pikseller gibi) kullan\u0131yoruz. \u00c7erezler, bir web sitesini ziyaret etti\u011finizde cihaz\u0131n\u0131zda depolanan k\u00fc\u00e7\u00fck metin dosyalar\u0131d\u0131r. \u00c7erezler, eylemlerinizi ve tercihlerinizi (oturum a\u00e7ma, dil ve yaz\u0131 tipi boyutu gibi) belirli bir s\u00fcre boyunca hat\u0131rlamam\u0131za olanak tan\u0131r, b\u00f6ylece Siteye her d\u00f6nd\u00fc\u011f\u00fcn\u00fczde veya bir sayfadan di\u011ferine g\u00f6z att\u0131\u011f\u0131n\u0131zda bunlar\u0131 yeniden girmeniz gerekmez.  <\/p><p>A\u015fa\u011f\u0131dakiler de dahil olmak \u00fczere farkl\u0131 \u00e7erez t\u00fcrleri kullan\u0131yoruz:<\/p><ul class=\"wp-block-list\"><li><strong>Gerekli \u00c7erezler:<\/strong> Bu \u00e7erezler, Sitemizin \u00e7al\u0131\u015fmas\u0131 i\u00e7in gereklidir ve al\u0131\u015fveri\u015f sepetinize \u00fcr\u00fcn ekleme ve \u00f6deme i\u015flemini tamamlama gibi temel \u00f6zelliklerini kullanman\u0131z\u0131 sa\u011flar.<\/li>\n\n<li><strong>Performans \u00c7erezleri:<\/strong> Bu \u00e7erezler, en s\u0131k ziyaret etti\u011finiz sayfalar ve alabilece\u011finiz hata mesajlar\u0131 gibi Sitemizi nas\u0131l kulland\u0131\u011f\u0131n\u0131z hakk\u0131nda bilgi toplar. Bu \u00e7erezler, Sitemizin performans\u0131n\u0131 iyile\u015ftirmemize yard\u0131mc\u0131 olur. <\/li>\n\n<li><strong>\u0130\u015flevsellik \u00c7erezleri:<\/strong> Bu \u00e7erezler, Sitemizin se\u00e7imlerinizi (kullan\u0131c\u0131 ad\u0131, dil ve b\u00f6lge gibi) hat\u0131rlamas\u0131na ve geli\u015fmi\u015f, ki\u015fiselle\u015ftirilmi\u015f \u00f6zellikler sunmas\u0131na olanak tan\u0131r.<\/li>\n\n<li><strong>Reklam ve Hedefleme \u00c7erezleri:<\/strong> Bu \u00e7erezler, sizinle ve ilgi alanlar\u0131n\u0131zla alakal\u0131 reklamlar\u0131 g\u00f6r\u00fcnt\u00fclemek i\u00e7in kullan\u0131l\u0131r. Ayr\u0131ca, bir reklam\u0131 g\u00f6rme say\u0131n\u0131z\u0131 s\u0131n\u0131rlamak ve reklam kampanyalar\u0131n\u0131n etkinli\u011fini \u00f6l\u00e7meye yard\u0131mc\u0131 olmak i\u00e7in de kullan\u0131l\u0131rlar. <\/li><\/ul><p>\u00c7erezleri taray\u0131c\u0131 ayarlar\u0131n\u0131z arac\u0131l\u0131\u011f\u0131yla kontrol edebilirsiniz. T\u00fcm \u00e7erezleri reddedebilir veya yaln\u0131zca baz\u0131lar\u0131n\u0131 kabul edebilirsiniz. Ancak, \u00e7erezleri devre d\u0131\u015f\u0131 b\u0131rakman\u0131n Sitemizin i\u015flevselli\u011fini etkileyebilece\u011fini ve baz\u0131 \u00f6zellikleri tam olarak kullanamayabilece\u011finizi l\u00fctfen unutmay\u0131n.  <\/p><p><strong>5. Verilerinizin G\u00fcvenli\u011fi<\/strong><\/p><p>Ki\u015fisel bilgilerinizi yetkisiz eri\u015fime, kullan\u0131ma, if\u015faya, de\u011fi\u015fikli\u011fe veya imhaya kar\u015f\u0131 korumak i\u00e7in makul g\u00fcvenlik \u00f6nlemleri al\u0131yoruz. Bu g\u00fcvenlik \u00f6nlemleri teknik, idari ve fiziksel g\u00fcvenlik \u00f6nlemlerini i\u00e7erir. \u00c7abalar\u0131m\u0131za ra\u011fmen, hi\u00e7bir g\u00fcvenlik sisteminin m\u00fckemmel ve a\u015f\u0131lmaz olmad\u0131\u011f\u0131n\u0131 l\u00fctfen unutmay\u0131n. Bilgilerinizin mutlak g\u00fcvenli\u011fini garanti edemeyiz.   <\/p><p><strong>6. Haklar\u0131n\u0131z<\/strong><\/p><p>Ge\u00e7erli veri koruma yasalar\u0131 uyar\u0131nca, ki\u015fisel bilgilerinizle ilgili olarak a\u015fa\u011f\u0131daki haklara sahip olabilirsiniz:<\/p><ul class=\"wp-block-list\"><li><strong>Eri\u015fim Hakk\u0131:<\/strong> Elimizde bulunan ki\u015fisel bilgilerinize eri\u015fim talep etme ve bunlar\u0131n bir kopyas\u0131n\u0131 alma hakk\u0131.<\/li>\n\n<li><strong>D\u00fczeltme Hakk\u0131:<\/strong> Hakk\u0131n\u0131zda tuttu\u011fumuz yanl\u0131\u015f veya eksik ki\u015fisel bilgilerin d\u00fczeltilmesini talep etme hakk\u0131.<\/li>\n\n<li><strong>Silme hakk\u0131:<\/strong> Belirli ko\u015fullar alt\u0131nda ki\u015fisel bilgilerinizin silinmesini talep etme hakk\u0131.<\/li>\n\n<li><strong>\u0130\u015flemenin k\u0131s\u0131tlanmas\u0131 hakk\u0131:<\/strong> Belirli ko\u015fullar alt\u0131nda ki\u015fisel bilgilerinizin i\u015flenmesinin k\u0131s\u0131tlanmas\u0131n\u0131 talep etme hakk\u0131.<\/li>\n\n<li><strong>\u0130\u015flemeye \u0130tiraz Etme Hakk\u0131:<\/strong> Belirli ko\u015fullar alt\u0131nda ki\u015fisel bilgilerinizin i\u015flenmesine itiraz etme hakk\u0131.<\/li>\n\n<li><strong>Veri Ta\u015f\u0131nabilirli\u011fi Hakk\u0131:<\/strong> Ki\u015fisel bilgilerinizi yap\u0131land\u0131r\u0131lm\u0131\u015f, yayg\u0131n olarak kullan\u0131lan ve makine taraf\u0131ndan okunabilir bir formatta alma ve ba\u015fka bir tarafa iletme hakk\u0131.<\/li>\n\n<li><strong>R\u0131zay\u0131 Geri \u00c7ekme Hakk\u0131:<\/strong> Ki\u015fisel bilgilerinizin i\u015flenmesine onay verdiyseniz, onay\u0131n\u0131z\u0131 istedi\u011finiz zaman geri \u00e7ekme hakk\u0131na sahipsiniz.<\/li><\/ul><p>Bu haklardan herhangi birini kullanmak i\u00e7in l\u00fctfen [Sitenizde bulunan ileti\u015fim y\u00f6ntemi \u2013 genellikle bir \u201cBize Ula\u015f\u0131n\u201d sayfas\u0131 veya alt bilgide belirtilen bir e-posta adresi] arac\u0131l\u0131\u011f\u0131yla bizimle ileti\u015fime ge\u00e7in. Talebinize y\u00fcr\u00fcrl\u00fckteki yasalara uygun olarak yan\u0131t verece\u011fiz. <\/p><p><strong>7. Verilerin Saklanmas\u0131<\/strong><\/p><p>Ki\u015fisel bilgilerinizi, yasalarca daha uzun bir saklama s\u00fcresi gerekmedik\u00e7e veya izin verilmedik\u00e7e, bu Gizlilik Politikas\u0131nda belirtilen ama\u00e7lar\u0131 yerine getirmek i\u00e7in gerekli oldu\u011fu s\u00fcrece saklayaca\u011f\u0131z.<\/p><p><strong>8. \u00c7ocuklar\u0131n Gizlili\u011fi<\/strong><\/p><p>Sitemiz [Minimum ya\u015f \u2013 \u00f6rne\u011fin 16 ya\u015f] alt\u0131ndaki \u00e7ocuklara y\u00f6nelik de\u011fildir. [Minimum ya\u015f] ya\u015f\u0131n alt\u0131ndaki \u00e7ocuklardan bilerek ki\u015fisel bilgi toplam\u0131yoruz. \u00c7ocu\u011funuzun bize ki\u015fisel bilgiler verdi\u011fini fark ederseniz, l\u00fctfen bizimle ileti\u015fime ge\u00e7in ve bu bilgileri silmek i\u00e7in ad\u0131mlar ataca\u011f\u0131z.  <\/p><p><strong>9. Bu Gizlilik Politikas\u0131ndaki De\u011fi\u015fiklikler<\/strong><\/p><p>Bu Gizlilik Politikas\u0131n\u0131 zaman zaman g\u00fcncelleyebiliriz. Gizlilik Politikas\u0131nda yap\u0131lacak herhangi bir de\u011fi\u015fikli\u011fi bu sayfada yay\u0131nlayaca\u011f\u0131z. Herhangi bir g\u00fcncelleme i\u00e7in bu Gizlilik Politikas\u0131n\u0131 periyodik olarak g\u00f6zden ge\u00e7irmenizi \u00f6neririz. De\u011fi\u015fiklikler bu sayfada yay\u0131nland\u0131klar\u0131nda ge\u00e7erli olacakt\u0131r.   <\/p><p><strong>10. Ge\u00e7erli Kanun<\/strong><\/p><p>Bu Gizlilik Politikas\u0131, Birle\u015fik Arap Emirlikleri yasalar\u0131na tabidir ve bu yasalara g\u00f6re yorumlan\u0131r.<\/p><p><strong>Istanbul Online&#8217;a g\u00fcvendi\u011finiz i\u00e7in te\u015fekk\u00fcr ederiz.<\/strong><\/p>","protected":false},"excerpt":{"rendered":"<p>Istanbul Online Gizlilik Politikas\u0131 Son g\u00fcncelleme: 2025-03-22 Istanbul Online&#8217;a (\u201cbiz\u201d, \u201cbize\u201d veya \u201cSite\u201d) ho\u015f geldiniz. Gizlili\u011finizi korumay\u0131 taahh\u00fct ediyoruz. Bu<\/p>\n","protected":false},"author":1,"featured_media":0,"parent":0,"menu_order":0,"comment_status":"closed","ping_status":"closed","template":"elementor_header_footer","meta":{"footnotes":""},"class_list":["post-29100","page","type-page","status-publish","hentry"],"_links":{"self":[{"href":"https:\/\/shopistanbul.online\/tr\/wp-json\/wp\/v2\/pages\/29100","targetHints":{"allow":["GET"]}}],"collection":[{"href":"https:\/\/shopistanbul.online\/tr\/wp-json\/wp\/v2\/pages"}],"about":[{"href":"https:\/\/shopistanbul.online\/tr\/wp-json\/wp\/v2\/types\/page"}],"author":[{"embeddable":true,"href":"https:\/\/shopistanbul.online\/tr\/wp-json\/wp\/v2\/users\/1"}],"replies":[{"embeddable":true,"href":"https:\/\/shopistanbul.online\/tr\/wp-json\/wp\/v2\/comments?post=29100"}],"version-history":[{"count":1,"href":"https:\/\/shopistanbul.online\/tr\/wp-json\/wp\/v2\/pages\/29100\/revisions"}],"predecessor-version":[{"id":29101,"href":"https:\/\/shopistanbul.online\/tr\/wp-json\/wp\/v2\/pages\/29100\/revisions\/29101"}],"wp:attachment":[{"href":"https:\/\/shopistanbul.online\/tr\/wp-json\/wp\/v2\/media?parent=29100"}],"curies":[{"name":"wp","href":"https:\/\/api.w.org\/{rel}","templated":true}]}}