{"id":29108,"date":"2025-04-23T11:06:10","date_gmt":"2025-04-23T11:06:10","guid":{"rendered":"https:\/\/shopistanbul.online\/sartlar-ve-kosullar\/"},"modified":"2025-04-24T16:56:59","modified_gmt":"2025-04-24T16:56:59","slug":"sartlar-ve-kosullar","status":"publish","type":"page","link":"https:\/\/shopistanbul.online\/tr\/sartlar-ve-kosullar\/","title":{"rendered":"\u015eartlar ve ko\u015fullar"},"content":{"rendered":"<p>\u0130stanbul Online Web Sitesi Kullan\u0131m \u015eartlar\u0131 ve Ko\u015fullar\u0131<\/p><p><strong>Son g\u00fcncelleme: 2025-03-22<\/strong><\/p><p><strong>1. Giri\u015f<\/strong><\/p><p>\u0130stanbul Online web sitesine ho\u015f geldiniz.\u201d Web Sitesi, Bu H\u00fck\u00fcm ve Ko\u015fullar (\u201cKo\u015fullar\u201d), sitemiz arac\u0131l\u0131\u011f\u0131yla yap\u0131lan t\u00fcm sat\u0131n alma i\u015flemleri de dahil olmak \u00fczere web sitemizi ve hizmetlerimizi kullan\u0131m\u0131n\u0131z\u0131 y\u00f6netir. Web sitemize eri\u015ferek, kullanarak veya web sitemizden bir sat\u0131n alma i\u015flemi yaparak, bu H\u00fck\u00fcm ve Ko\u015fullara ve buraya referans olarak dahil edilen Gizlilik Politikam\u0131za ba\u011fl\u0131 kalmay\u0131 kabul edersiniz. Bu H\u00fck\u00fcm ve Ko\u015fullar\u0131n t\u00fcm\u00fcn\u00fc kabul etmiyorsan\u0131z, l\u00fctfen web sitemizi kullanmay\u0131n.<\/p><p><strong>2. Web Sitesinin Kullan\u0131m\u0131<\/strong><\/p><ul class=\"wp-block-list\"><li><strong>Uygunluk:<\/strong> Bu Web Sitesini kullanarak, en az 18 ya\u015f\u0131nda oldu\u011funuzu veya yarg\u0131 alan\u0131n\u0131zdaki yasal re\u015fit olma ya\u015f\u0131na ula\u015ft\u0131\u011f\u0131n\u0131z\u0131 ve bu Ko\u015fullar\u0131 kabul etme ve bunlara ba\u011fl\u0131 kalma hakk\u0131na, yetkisine ve kapasitesine sahip oldu\u011funuzu beyan ve garanti edersiniz.<\/li>\n\n<li><strong>\u0130zin Verilen Kullan\u0131m:<\/strong> Web Sitesini yaln\u0131zca yasal ama\u00e7larla ve bu Ko\u015fullara uygun olarak kullanman\u0131za izin verilir. Web Sitesini, sitemize veya hizmetlerimize zarar verebilecek, devre d\u0131\u015f\u0131 b\u0131rakabilecek, a\u015f\u0131r\u0131 y\u00fckleyebilecek veya bozabilecek veya ba\u015fka herhangi bir taraf\u0131n Web Sitesini kullan\u0131m\u0131na m\u00fcdahale edebilecek herhangi bir \u015fekilde kullanman\u0131z yasakt\u0131r. <\/li>\n\n<li><strong>Hesap:<\/strong> Web Sitesinin baz\u0131 \u00f6zelliklerini kullanmak i\u00e7in bir hesap olu\u015fturman\u0131z gerekebilir. Hesap bilgilerinizin ve \u015fifrenizin gizlili\u011fini korumaktan ve hesab\u0131n\u0131z alt\u0131nda ger\u00e7ekle\u015fen t\u00fcm faaliyetlerden siz sorumlusunuz. Hesab\u0131n\u0131z\u0131n herhangi bir yetkisiz kullan\u0131m\u0131 veya ba\u015fka herhangi bir g\u00fcvenlik ihlali durumunda bizi derhal bilgilendirmelisiniz.  <\/li>\n\n<li><strong>Fikri m\u00fclkiyet:<\/strong> Web Sitesi ve metin, grafik, logo, resim, video, ses ve yaz\u0131l\u0131m dahil ancak bunlarla s\u0131n\u0131rl\u0131 olmamak \u00fczere t\u00fcm i\u00e7eri\u011fi, \u0130stanbul Online&#8217;\u0131n veya tedarik\u00e7ilerinin fikri m\u00fclkiyetindedir ve telif hakk\u0131, ticari marka ve di\u011fer fikri m\u00fclkiyet kanunlar\u0131 ile korunmaktad\u0131r. Web Sitesinden elde edilen herhangi bir bilgiyi, yaz\u0131l\u0131m\u0131, \u00fcr\u00fcn\u00fc veya hizmeti, bu Ko\u015fullarda a\u00e7\u0131k\u00e7a izin verilmedik\u00e7e veya \u00f6nceden yaz\u0131l\u0131 iznimiz olmad\u0131k\u00e7a, kopyalayamaz, de\u011fi\u015ftiremez, da\u011f\u0131tamaz, iletemez, g\u00f6r\u00fcnt\u00fcleyemez, ger\u00e7ekle\u015ftiremez, \u00e7o\u011faltamaz, yay\u0131nlayamaz, lisanslayamaz, t\u00fcrev \u00e7al\u0131\u015fmalar olu\u015fturamaz, aktaramaz veya satamazs\u0131n\u0131z. <\/li><\/ul><p><strong>3. \u00dcr\u00fcnler ve Hizmetler<\/strong><\/p><ul class=\"wp-block-list\"><li><strong>\u00dcr\u00fcn A\u00e7\u0131klamas\u0131:<\/strong> Web sitemizde bulunan \u00fcr\u00fcnlerin do\u011fru a\u00e7\u0131klamalar\u0131n\u0131 sa\u011flamaya \u00e7al\u0131\u015f\u0131yoruz. Ancak, \u00fcr\u00fcn a\u00e7\u0131klamalar\u0131n\u0131n, resimlerin, fiyatlar\u0131n veya \u00fcr\u00fcnle ilgili di\u011fer bilgilerin do\u011fru, eksiksiz, g\u00fcvenilir, hatas\u0131z veya g\u00fcncel oldu\u011funu garanti etmiyoruz. Ger\u00e7ek \u00fcr\u00fcn ile Web Sitesinde g\u00f6r\u00fcnt\u00fclenen resim aras\u0131nda k\u00fc\u00e7\u00fck farkl\u0131l\u0131klar olabilir.  <\/li>\n\n<li><strong>Kullan\u0131labilirlik:<\/strong> Web Sitesinde sunulan t\u00fcm \u00fcr\u00fcnler stoklarla s\u0131n\u0131rl\u0131d\u0131r. \u00dcr\u00fcnleri herhangi bir zamanda \u00f6nceden haber vermeksizin de\u011fi\u015ftirebilir veya durdurabiliriz. Sipari\u015f etti\u011finiz bir \u00fcr\u00fcn mevcut de\u011filse, sizi bilgilendirece\u011fiz, sipari\u015fi iptal edece\u011fiz ve tam bir geri \u00f6deme sa\u011flayaca\u011f\u0131z.  <\/li>\n\n<li><strong>Dropshipping Sistemi:<\/strong> \u0130stanbul Online, stoksuz sat\u0131\u015f sistemi ile \u00e7al\u0131\u015fmaktad\u0131r. Bu, \u00fcr\u00fcnleri stokta tutmad\u0131\u011f\u0131m\u0131z, ancak sipari\u015finizi verdikten sonra \u00fc\u00e7\u00fcnc\u00fc taraf tedarik\u00e7ilerden temin etti\u011fimiz anlam\u0131na gelir. Bu, teslimat s\u00fcrelerini etkileyebilir ve geleneksel ma\u011fazalar\u0131n teslimat s\u00fcrelerinden farkl\u0131 olabilir.  <\/li>\n\n<li><strong>Fiyatlar ve Para Birimleri:<\/strong> Web Sitesinde g\u00f6r\u00fcnt\u00fclenen t\u00fcm fiyatlar, se\u00e7iminize ba\u011fl\u0131 olarak desteklenen para birimleri (ABD Dolar\u0131, BAE Dirhemi, T\u00fcrk Liras\u0131) cinsindendir. Fiyatlar \u00f6nceden haber verilmeksizin de\u011fi\u015ftirilebilir. D\u00f6viz kuru dalgalanmalar\u0131ndan kaynaklanan herhangi bir fiyat fark\u0131ndan sorumlu de\u011filiz. \u00dcr\u00fcn fiyat\u0131na ek vergiler ve nakliye \u00fccretleri eklenebilir ve sat\u0131n alma i\u015fleminizi tamamlamadan \u00f6nce size g\u00f6sterilecektir.   <\/li><\/ul><p><strong>4. Sipari\u015fler ve \u00d6deme<\/strong><\/p><ul class=\"wp-block-list\"><li><strong>Sipari\u015f Verme:<\/strong> Web Sitemiz \u00fczerinden sipari\u015f vererek, sipari\u015finizde belirtilen \u00fcr\u00fcnleri sat\u0131n almak i\u00e7in bir teklifte bulunuyorsunuz. \u00dcr\u00fcn\u00fcn bulunamamas\u0131, fiyatland\u0131rma hatalar\u0131 veya doland\u0131r\u0131c\u0131l\u0131k \u015f\u00fcphesi dahil ancak bunlarla s\u0131n\u0131rl\u0131 olmamak \u00fczere herhangi bir nedenle sipari\u015finizi kabul etme veya reddetme hakk\u0131m\u0131z\u0131 sakl\u0131 tutar\u0131z. <\/li>\n\n<li><strong>Sipari\u015f Onay\u0131:<\/strong> Sipari\u015finizi verdikten sonra bir sipari\u015f onay e-postas\u0131 alacaks\u0131n\u0131z. Bu onay, sipari\u015finizin kabul edildi\u011fi anlam\u0131na gelmez, yaln\u0131zca sipari\u015finizi ald\u0131\u011f\u0131m\u0131z\u0131 kabul eder. Sipari\u015finiz yaln\u0131zca \u00fcr\u00fcnleri size g\u00f6nderdi\u011fimizde ve size bir g\u00f6nderim onay e-postas\u0131 g\u00f6nderdi\u011fimizde kabul edilir.  <\/li>\n\n<li><strong>\u00d6deme:<\/strong> T\u00fcm sipari\u015fler, sipari\u015f verme s\u0131ras\u0131nda tam olarak \u00f6denmelidir. Web Sitesinde belirtilen \u00f6deme y\u00f6ntemlerini kabul ediyoruz. \u00d6deme bilgilerinizi vererek, \u00f6deme y\u00f6ntemini kullanmaya yetkili oldu\u011funuzu ve verdi\u011finiz bilgilerin do\u011fru ve eksiksiz oldu\u011funu beyan ve garanti edersiniz.  <\/li>\n\n<li><strong>Iptal:<\/strong> Sipari\u015finiz hen\u00fcz kargoya verilmedi\u011fi s\u00fcrece sipari\u015finizi iptal edebilirsiniz. Bir sipari\u015f g\u00f6nderildikten sonra, \u0130ade ve Geri \u00d6deme prosed\u00fcrlerimize tabidir. <\/li><\/ul><p><strong>5. Nakliye ve Teslimat<\/strong><\/p><ul class=\"wp-block-list\"><li><strong>Nakliye:<\/strong> Hizmet verdi\u011fimiz ba\u015fl\u0131ca \u00fclkelere (Birle\u015fik Arap Emirlikleri ve T\u00fcrkiye) g\u00f6nderiyoruz. Bulundu\u011funuz yere ba\u011fl\u0131 olarak di\u011fer uluslararas\u0131 nakliye se\u00e7enekleri de mevcut olabilir. Nakliye masraflar\u0131 ve tahmini teslimat s\u00fcreleri, \u00f6deme i\u015flemi s\u0131ras\u0131nda belirtilecektir.  <\/li>\n\n<li><strong>Teslimat s\u00fcreleri:<\/strong> Dropshipping sisteminin do\u011fas\u0131 gere\u011fi, teslimat s\u00fcreleri de\u011fi\u015febilir ve geleneksel ma\u011fazalardan daha uzun olabilir. Do\u011fru teslimat s\u00fcreleri sa\u011flamak i\u00e7in elimizden gelenin en iyisini yap\u0131yoruz, ancak bunlar yaln\u0131zca tahminidir ve garanti edilmez. Teslimat s\u00fcreleri, tedarik\u00e7i nakliye gecikmeleri, g\u00fcmr\u00fck veya hava ko\u015fullar\u0131 gibi kontrol\u00fcm\u00fcz d\u0131\u015f\u0131ndaki fakt\u00f6rlerden etkilenebilir.  <\/li>\n\n<li><strong>G\u00fcmr\u00fck Vergileri ve Vergileri:<\/strong> Uluslararas\u0131 sipari\u015fler, var\u0131\u015f \u00fclkesine var\u0131\u015fta g\u00fcmr\u00fck vergilerine ve ithalat vergilerine tabi olabilir. Bu \u00fccretler m\u00fc\u015fterinin sorumlulu\u011fundad\u0131r ve teslimat s\u0131ras\u0131nda \u00f6denmelidir. Daha fazla bilgi i\u00e7in l\u00fctfen yerel g\u00fcmr\u00fck d\u00fczenlemelerinizi kontrol edin.  <\/li><\/ul><p><strong>6. \u0130adeler ve Geri \u00d6demeler<\/strong><\/p><ul class=\"wp-block-list\"><li><strong>\u0130ade politikasi:<\/strong> Sat\u0131n alma i\u015fleminizden tamamen memnun kalman\u0131z\u0131 istiyoruz. Herhangi bir nedenle bir \u00fcr\u00fcnden memnun kalmazsan\u0131z, Web Sitemizde bulunan \u0130ade Politikam\u0131za uygun olarak iade edebilirsiniz. \u0130adeler, \u00fcr\u00fcn\u00fcn orijinal durumunda, kullan\u0131lmam\u0131\u015f ve orijinal ambalaj\u0131nda olmas\u0131 ko\u015fuluyla, genellikle teslimat tarihinden itibaren [15] g\u00fcn i\u00e7inde kabul edilir.  <\/li>\n\n<li><strong>\u0130ade S\u00fcreci:<\/strong> \u0130ade i\u015flemini ba\u015flatmak i\u00e7in l\u00fctfen iade talimatlar\u0131 i\u00e7in bizimle ileti\u015fime ge\u00e7in. \u0130ade, bizim hatam\u0131zdan veya kusurlu bir \u00fcr\u00fcnden kaynaklanmad\u0131\u011f\u0131 s\u00fcrece, iade nakliye masraflar\u0131ndan siz sorumlusunuz. <\/li>\n\n<li><strong>Iadesi:<\/strong> \u0130ade edilen \u00fcr\u00fcn al\u0131nd\u0131ktan ve incelendikten sonra, geri \u00f6demenizi [7] i\u015f g\u00fcn\u00fc i\u00e7inde orijinal \u00f6deme y\u00f6nteminize i\u015fleme koyaca\u011f\u0131z. Bankan\u0131za veya \u00f6deme sa\u011flay\u0131c\u0131n\u0131za ba\u011fl\u0131 olarak, geri \u00f6demenin hesab\u0131n\u0131zda g\u00f6r\u00fcnmesinin biraz zaman alabilece\u011fini l\u00fctfen unutmay\u0131n. <\/li><\/ul><p><strong>7. Garantilerin Reddi ve Sorumlulu\u011fun S\u0131n\u0131rland\u0131r\u0131lmas\u0131<\/strong><\/p><ul class=\"wp-block-list\"><li><strong>Web Sitesi ve \u00dcr\u00fcnler \u201cOldu\u011fu Gibi\u201d:<\/strong> Web Sitesi ve \u00fcr\u00fcnler, sat\u0131labilirlik, belirli bir amaca uygunluk veya ihlal etmeme garantileri dahil ancak bunlarla s\u0131n\u0131rl\u0131 olmamak \u00fczere, a\u00e7\u0131k veya z\u0131mni herhangi bir garanti olmaks\u0131z\u0131n \u201coldu\u011fu gibi\u201d ve \u201cmevcut oldu\u011fu gibi\u201d esas\u0131na g\u00f6re sa\u011flan\u0131r.<\/li>\n\n<li><strong>Garantilerin Reddi:<\/strong> Y\u00fcr\u00fcrl\u00fckteki yasalar\u0131n izin verdi\u011fi en geni\u015f \u00f6l\u00e7\u00fcde, tatmin edici kalite, belirli bir amaca uygunluk ve ihlal etmeme gibi z\u0131mni garantiler dahil ancak bunlarla s\u0131n\u0131rl\u0131 olmamak \u00fczere, a\u00e7\u0131k veya z\u0131mni t\u00fcm garantileri reddediyoruz. Web Sitesinin veya \u00fcr\u00fcnlerin gereksinimlerinizi kar\u015f\u0131layaca\u011f\u0131n\u0131 veya Web Sitesinin \u00e7al\u0131\u015fmas\u0131n\u0131n kesintisiz veya hatas\u0131z olaca\u011f\u0131n\u0131 veya kusurlar\u0131n d\u00fczeltilece\u011fini garanti etmiyoruz. <\/li>\n\n<li><strong>Sorumlulu\u011fun S\u0131n\u0131rland\u0131r\u0131lmas\u0131:<\/strong> Y\u00fcr\u00fcrl\u00fckteki yasalar\u0131n izin verdi\u011fi en geni\u015f \u00f6l\u00e7\u00fcde, Web Sitesini veya \u00fcr\u00fcnleri kullanman\u0131z veya kullanamaman\u0131zdan kaynaklanan veya bunlarla ba\u011flant\u0131l\u0131 olarak ortaya \u00e7\u0131kan kar, veri, iyi niyet, kullan\u0131m kayb\u0131 veya di\u011fer maddi olmayan kay\u0131plar dahil ancak bunlarla s\u0131n\u0131rl\u0131 olmamak \u00fczere do\u011frudan, dolayl\u0131, ar\u0131zi, sonu\u00e7 olarak ortaya \u00e7\u0131kan, \u00f6zel, cezai veya \u00f6rnek te\u015fkil eden zararlardan sorumlu olmayaca\u011f\u0131z.  bu t\u00fcr hasarlar\u0131n olas\u0131l\u0131\u011f\u0131 konusunda bilgilendirilmi\u015f olsak bile. Her hal\u00fckarda, t\u00fcm hasarlar, kay\u0131plar ve dava nedenleri (s\u00f6zle\u015fme, haks\u0131z fiil veya ba\u015fka bir \u015fekilde) i\u00e7in size kar\u015f\u0131 toplam sorumlulu\u011fumuz, varsa, s\u00f6z konusu \u00fcr\u00fcnler veya hizmetler i\u00e7in taraf\u0131n\u0131zdan bize \u00f6denen tutar\u0131 a\u015fmayacakt\u0131r. <\/li><\/ul><p><strong>8. Ge\u00e7erli Kanun ve Yarg\u0131 Yetkisi<\/strong><\/p><p>Bu Ko\u015fullar, kanunlar ihtilaf\u0131 ilkelerine bak\u0131lmaks\u0131z\u0131n Birle\u015fik Arap Emirlikleri kanunlar\u0131na tabi olacak ve bu kanunlara g\u00f6re yorumlanacakt\u0131r. Bu Ko\u015fullardan kaynaklanan veya bunlarla ilgili herhangi bir anla\u015fmazl\u0131k, Birle\u015fik Arap Emirlikleri mahkemelerinin m\u00fcnhas\u0131r yarg\u0131 yetkisine tabi olacakt\u0131r. <\/p><p><strong>9. \u015eartlar ve Ko\u015fullardaki De\u011fi\u015fiklikler<\/strong><\/p><p>Bu H\u00fck\u00fcm ve Ko\u015fullar\u0131 herhangi bir zamanda \u00f6nceden haber vermeksizin de\u011fi\u015ftirme veya g\u00fcncelleme hakk\u0131m\u0131z\u0131 sakl\u0131 tutar\u0131z. Herhangi bir de\u011fi\u015fiklik, revize edilmi\u015f H\u00fck\u00fcm ve Ko\u015fullar\u0131n Web Sitesinde yay\u0131nlanmas\u0131ndan hemen sonra y\u00fcr\u00fcrl\u00fc\u011fe girecektir. De\u011fi\u015fikliklerin yay\u0131nlanmas\u0131ndan sonra Web Sitesini kullanmaya devam etmeniz, revize edilmi\u015f H\u00fck\u00fcm ve Ko\u015fullar\u0131 kabul etti\u011finiz anlam\u0131na gelir. Herhangi bir g\u00fcncelleme i\u00e7in bu H\u00fck\u00fcm ve Ko\u015fullar\u0131 periyodik olarak g\u00f6zden ge\u00e7irmenizi \u00f6neririz.   <\/p><p><strong>10. S\u00f6zle\u015fmenin B\u00fct\u00fcnl\u00fc\u011f\u00fc<\/strong><\/p><p>Bu H\u00fck\u00fcm ve Ko\u015fullar, Web Sitesini kullan\u0131m\u0131n\u0131zla ilgili olarak sizinle Istanbul Online aras\u0131ndaki s\u00f6zle\u015fmenin tamam\u0131n\u0131 olu\u015fturur ve sizinle aram\u0131zdaki s\u00f6zl\u00fc veya yaz\u0131l\u0131 t\u00fcm \u00f6nceki ve e\u015f zamanl\u0131 s\u00f6zle\u015fmelerin ve mutabakatlar\u0131n yerine ge\u00e7er.<\/p><p>Bu \u015eartlar ve Ko\u015fullar hakk\u0131nda herhangi bir sorunuz varsa, l\u00fctfen Web Sitemizin \u201cBize Ula\u015f\u0131n\u201d b\u00f6l\u00fcm\u00fcnden bizimle ileti\u015fime ge\u00e7in.<\/p>","protected":false},"excerpt":{"rendered":"<p>\u0130stanbul Online Web Sitesi Kullan\u0131m \u015eartlar\u0131 ve Ko\u015fullar\u0131 Son g\u00fcncelleme: 2025-03-22 1. Giri\u015f \u0130stanbul Online web sitesine ho\u015f geldiniz.\u201d Web<\/p>\n","protected":false},"author":1,"featured_media":0,"parent":0,"menu_order":0,"comment_status":"closed","ping_status":"closed","template":"elementor_header_footer","meta":{"footnotes":""},"class_list":["post-29108","page","type-page","status-publish","hentry"],"_links":{"self":[{"href":"https:\/\/shopistanbul.online\/tr\/wp-json\/wp\/v2\/pages\/29108","targetHints":{"allow":["GET"]}}],"collection":[{"href":"https:\/\/shopistanbul.online\/tr\/wp-json\/wp\/v2\/pages"}],"about":[{"href":"https:\/\/shopistanbul.online\/tr\/wp-json\/wp\/v2\/types\/page"}],"author":[{"embeddable":true,"href":"https:\/\/shopistanbul.online\/tr\/wp-json\/wp\/v2\/users\/1"}],"replies":[{"embeddable":true,"href":"https:\/\/shopistanbul.online\/tr\/wp-json\/wp\/v2\/comments?post=29108"}],"version-history":[{"count":1,"href":"https:\/\/shopistanbul.online\/tr\/wp-json\/wp\/v2\/pages\/29108\/revisions"}],"predecessor-version":[{"id":29109,"href":"https:\/\/shopistanbul.online\/tr\/wp-json\/wp\/v2\/pages\/29108\/revisions\/29109"}],"wp:attachment":[{"href":"https:\/\/shopistanbul.online\/tr\/wp-json\/wp\/v2\/media?parent=29108"}],"curies":[{"name":"wp","href":"https:\/\/api.w.org\/{rel}","templated":true}]}}