{"id":29951,"date":"2025-04-25T12:56:42","date_gmt":"2025-04-25T12:56:42","guid":{"rendered":"https:\/\/shopistanbul.online\/product\/tampon-urunu\/"},"modified":"2025-04-25T12:56:42","modified_gmt":"2025-04-25T12:56:42","slug":"tampon-urunu","status":"publish","type":"product","link":"https:\/\/shopistanbul.online\/tr\/urun\/tampon-urunu\/","title":{"rendered":"Tampon \u00dcr\u00fcn\u00fc"},"content":{"rendered":"<p>\u00dcr\u00fcn A\u00e7\u0131klamas\u0131 Tampon<\/p>\n","protected":false},"excerpt":{"rendered":"<p>\u00dcr\u00fcn K\u0131sa a\u00e7\u0131klamas\u0131 Tamp<\/p>\n","protected":false},"featured_media":28909,"comment_status":"open","ping_status":"closed","template":"","meta":[],"product_brand":[896,898,900,902,904,906,908,910,912,914,916,918],"product_cat":[926,928,930,932,968,969,970,971,934,936,938,940,942,972,943,946,966,967,924,948,949,952,953,956,957,959,962,964,965],"product_tag":[],"class_list":{"0":"post-29951","1":"product","2":"type-product","3":"status-publish","4":"has-post-thumbnail","6":"product_brand-apple-tr","7":"product_brand-benq-tr","8":"product_brand-bose-tr","9":"product_brand-dell-tr","10":"product_brand-gigabyte-tr","11":"product_brand-hp-tr","12":"product_brand-kodak-tr","13":"product_brand-lg-tr","14":"product_brand-philips-tr","15":"product_brand-samsung-tr","16":"product_brand-transcend-tr","17":"product_brand-viewsonic-tr","18":"product_cat-alet-leri","19":"product_cat-bakim-ve-temizlik","20":"product_cat-utuler","21":"product_cat-elektrikli-supurgeler","22":"product_cat---tr","23":"product_cat-----tr","26":"product_cat-sogutma","27":"product_cat-buzdolabi","28":"product_cat-firin","29":"product_cat-kucuk-mutfak-aletleri","30":"product_cat-blenderler","31":"product_cat-olcek","32":"product_cat-bebek-cocuk","33":"product_cat-guzellik-ve-bakim","34":"product_cat-ev-bahce","35":"product_cat-tekstil","36":"product_cat-kategorilenmemis","37":"product_cat-elektronik","38":"product_cat-bilgisayar","39":"product_cat-dizustu","40":"product_cat-elma-macbook-fabrikasi","41":"product_cat-is-dizustu-bilgisayari","42":"product_cat-ultrabook-ultrabook","43":"product_cat-oyun","44":"product_cat-konsol","45":"product_cat-oyunlar","46":"product_cat-oyun-cevre-birimleri","48":"first","49":"instock","50":"shipping-taxable","51":"purchasable","52":"product-type-simple"},"_links":{"self":[{"href":"https:\/\/shopistanbul.online\/tr\/wp-json\/wp\/v2\/product\/29951","targetHints":{"allow":["GET"]}}],"collection":[{"href":"https:\/\/shopistanbul.online\/tr\/wp-json\/wp\/v2\/product"}],"about":[{"href":"https:\/\/shopistanbul.online\/tr\/wp-json\/wp\/v2\/types\/product"}],"replies":[{"embeddable":true,"href":"https:\/\/shopistanbul.online\/tr\/wp-json\/wp\/v2\/comments?post=29951"}],"version-history":[{"count":0,"href":"https:\/\/shopistanbul.online\/tr\/wp-json\/wp\/v2\/product\/29951\/revisions"}],"wp:featuredmedia":[{"embeddable":true,"href":"https:\/\/shopistanbul.online\/tr\/wp-json\/wp\/v2\/media\/28909"}],"wp:attachment":[{"href":"https:\/\/shopistanbul.online\/tr\/wp-json\/wp\/v2\/media?parent=29951"}],"wp:term":[{"taxonomy":"product_brand","embeddable":true,"href":"https:\/\/shopistanbul.online\/tr\/wp-json\/wp\/v2\/product_brand?post=29951"},{"taxonomy":"product_cat","embeddable":true,"href":"https:\/\/shopistanbul.online\/tr\/wp-json\/wp\/v2\/product_cat?post=29951"},{"taxonomy":"product_tag","embeddable":true,"href":"https:\/\/shopistanbul.online\/tr\/wp-json\/wp\/v2\/product_tag?post=29951"}],"curies":[{"name":"wp","href":"https:\/\/api.w.org\/{rel}","templated":true}]}}